{"id":2,"date":"2022-02-01T14:46:30","date_gmt":"2022-02-01T14:46:30","guid":{"rendered":"http:\/\/inapelsas.com\/?page_id=2"},"modified":"2022-02-08T14:17:26","modified_gmt":"2022-02-08T14:17:26","slug":"pagina-ejemplo","status":"publish","type":"page","link":"https:\/\/inapelsas.com\/","title":{"rendered":"INICIO"},"content":{"rendered":"<p>[et_pb_section fb_built=&#8221;1&#8243; fullwidth=&#8221;on&#8221; _builder_version=&#8221;4.14.7&#8243; _module_preset=&#8221;default&#8221; custom_margin=&#8221;||0px||false|false&#8221; global_colors_info=&#8221;{}&#8221;][et_pb_fullwidth_code _builder_version=&#8221;4.14.7&#8243; _module_preset=&#8221;default&#8221; global_colors_info=&#8221;{}&#8221;]\n\t\t\t<!-- START Slider 1 REVOLUTION SLIDER 6.5.7 --><p class=\"rs-p-wp-fix\"><\/p>\n\t\t\t<rs-module-wrap id=\"rev_slider_1_1_wrapper\" data-source=\"gallery\" style=\"visibility:hidden;background:transparent;padding:0;margin:0px auto;margin-top:0;margin-bottom:0;\">\n\t\t\t\t<rs-module id=\"rev_slider_1_1\" style=\"\" data-version=\"6.5.7\">\n\t\t\t\t\t<rs-slides>\n\t\t\t\t\t\t<rs-slide style=\"position: absolute;\" data-key=\"rs-1\" data-title=\"Slide\" data-in=\"o:0;\" data-out=\"a:false;\">\n\t\t\t\t\t\t\t<img src=\"\/\/inapelsas.com\/wp-content\/plugins\/revslider\/public\/assets\/assets\/dummy.png\" alt=\"Slide\" title=\"INICIO\" class=\"rev-slidebg tp-rs-img rs-lazyload\" data-lazyload=\"\/\/inapelsas.com\/wp-content\/plugins\/revslider\/public\/assets\/assets\/transparent.png\" data-no-retina>\n<!--\n\t\t\t\t\t\t\t--><rs-layer\n\t\t\t\t\t\t\t\tid=\"slider-1-slide-1-layer-0\" \n\t\t\t\t\t\t\t\tdata-type=\"image\"\n\t\t\t\t\t\t\t\tdata-rsp_ch=\"on\"\n\t\t\t\t\t\t\t\tdata-text=\"w:normal;\"\n\t\t\t\t\t\t\t\tdata-dim=\"w:2560px;h:853px;\"\n\t\t\t\t\t\t\t\tdata-frame_999=\"o:0;st:w;\"\n\t\t\t\t\t\t\t\tstyle=\"z-index:5;\"\n\t\t\t\t\t\t\t><img loading=\"lazy\" src=\"\/\/inapelsas.com\/wp-content\/plugins\/revslider\/public\/assets\/assets\/dummy.png\" class=\"tp-rs-img rs-lazyload\" width=\"2560\" height=\"853\" data-lazyload=\"\/\/inapelsas.com\/wp-content\/uploads\/2022\/02\/banner-inapel--scaled.jpg\" data-no-retina> \n\t\t\t\t\t\t\t<\/rs-layer><!--\n-->\t\t\t\t\t\t<\/rs-slide>\n\t\t\t\t\t\t<rs-slide style=\"position: absolute;\" data-key=\"rs-2\" data-title=\"Slide\" data-in=\"o:0;\" data-out=\"a:false;\">\n\t\t\t\t\t\t\t<img src=\"\/\/inapelsas.com\/wp-content\/plugins\/revslider\/public\/assets\/assets\/dummy.png\" alt=\"Slide\" title=\"INICIO\" class=\"rev-slidebg tp-rs-img rs-lazyload\" data-lazyload=\"\/\/inapelsas.com\/wp-content\/plugins\/revslider\/public\/assets\/assets\/transparent.png\" data-no-retina>\n<!--\n\t\t\t\t\t\t\t--><rs-layer\n\t\t\t\t\t\t\t\tid=\"slider-1-slide-2-layer-0\" \n\t\t\t\t\t\t\t\tdata-type=\"image\"\n\t\t\t\t\t\t\t\tdata-rsp_ch=\"on\"\n\t\t\t\t\t\t\t\tdata-text=\"w:normal;\"\n\t\t\t\t\t\t\t\tdata-dim=\"w:2560px;h:853px;\"\n\t\t\t\t\t\t\t\tdata-frame_999=\"o:0;st:w;\"\n\t\t\t\t\t\t\t\tstyle=\"z-index:5;\"\n\t\t\t\t\t\t\t><img loading=\"lazy\" src=\"\/\/inapelsas.com\/wp-content\/plugins\/revslider\/public\/assets\/assets\/dummy.png\" class=\"tp-rs-img rs-lazyload\" width=\"2560\" height=\"853\" data-lazyload=\"\/\/inapelsas.com\/wp-content\/uploads\/2022\/02\/banner-inapel-2-scaled.jpg\" data-no-retina> \n\t\t\t\t\t\t\t<\/rs-layer><!--\n-->\t\t\t\t\t\t<\/rs-slide>\n\t\t\t\t\t<\/rs-slides>\n\t\t\t\t<\/rs-module>\n\t\t\t\t<script type=\"text\/javascript\">\n\t\t\t\t\tsetREVStartSize({c: 'rev_slider_1_1',rl:[1240,1024,778,480],el:[853],gw:[2560],gh:[853],type:'standard',justify:'',layout:'fullwidth',mh:\"0\"});if (window.RS_MODULES!==undefined && window.RS_MODULES.modules!==undefined && window.RS_MODULES.modules[\"revslider11\"]!==undefined) {window.RS_MODULES.modules[\"revslider11\"].once = false;window.revapi1 = undefined;if (window.RS_MODULES.checkMinimal!==undefined) window.RS_MODULES.checkMinimal()}\n\t\t\t\t<\/script>\n\t\t\t<\/rs-module-wrap>\n\t\t\t<!-- END REVOLUTION SLIDER -->\n[\/et_pb_fullwidth_code][\/et_pb_section][et_pb_section fb_built=&#8221;1&#8243; _builder_version=&#8221;4.14.7&#8243; _module_preset=&#8221;default&#8221; custom_margin=&#8221;0px||0px||false|false&#8221; custom_padding=&#8221;24px||70px|||&#8221; global_colors_info=&#8221;{}&#8221;][et_pb_row _builder_version=&#8221;4.14.7&#8243; _module_preset=&#8221;default&#8221; custom_padding=&#8221;0px||9px|||&#8221; global_colors_info=&#8221;{}&#8221;][et_pb_column type=&#8221;4_4&#8243; _builder_version=&#8221;4.14.7&#8243; _module_preset=&#8221;default&#8221; global_colors_info=&#8221;{}&#8221;][et_pb_text _builder_version=&#8221;4.14.7&#8243; _module_preset=&#8221;default&#8221; header_font=&#8221;Amiko|700||on|||||&#8221; header_text_align=&#8221;center&#8221; header_text_color=&#8221;#595959&#8243; header_font_size=&#8221;100px&#8221; custom_margin=&#8221;19px||33px|||&#8221; custom_padding=&#8221;33px|||||&#8221; animation_style=&#8221;zoom&#8221; header_font_size_tablet=&#8221;100px&#8221; header_font_size_phone=&#8221;45px&#8221; header_font_size_last_edited=&#8221;on|phone&#8221; global_colors_info=&#8221;{}&#8221;]<\/p>\n<h1>Nuestras marcas<\/h1>\n<p>[\/et_pb_text][\/et_pb_column][\/et_pb_row][et_pb_row column_structure=&#8221;1_5,1_5,1_5,1_5,1_5&#8243; use_custom_gutter=&#8221;on&#8221; gutter_width=&#8221;1&#8243; _builder_version=&#8221;4.14.7&#8243; _module_preset=&#8221;default&#8221; width=&#8221;57%&#8221; max_width=&#8221;1957px&#8221; custom_margin=&#8221;35px|auto||auto||&#8221; custom_padding=&#8221;28px||31px|||&#8221; global_colors_info=&#8221;{}&#8221;][et_pb_column type=&#8221;1_5&#8243; _builder_version=&#8221;4.14.7&#8243; _module_preset=&#8221;default&#8221; global_colors_info=&#8221;{}&#8221;][et_pb_image src=&#8221;https:\/\/inapelsas.com\/wp-content\/uploads\/2022\/02\/Logo-falcon-inapel.png&#8221; title_text=&#8221;falcon logo color&#8221; align=&#8221;center&#8221; _builder_version=&#8221;4.14.7&#8243; _module_preset=&#8221;default&#8221; width=&#8221;72%&#8221; custom_margin=&#8221;-6px|||||&#8221; hover_enabled=&#8221;0&#8243; global_colors_info=&#8221;{}&#8221; src__hover_enabled=&#8221;on|hover&#8221; src__hover=&#8221;https:\/\/inapelsas.com\/wp-content\/uploads\/2022\/02\/falcon-logo-color.png&#8221; width__hover_enabled=&#8221;on|desktop&#8221; width__hover=&#8221;100%&#8221; sticky_enabled=&#8221;0&#8243; url=&#8221;https:\/\/inapelsas.com\/index.php\/falcon\/&#8221;][\/et_pb_image][\/et_pb_column][et_pb_column type=&#8221;1_5&#8243; _builder_version=&#8221;4.14.7&#8243; _module_preset=&#8221;default&#8221; global_colors_info=&#8221;{}&#8221;][et_pb_image src=&#8221;https:\/\/inapelsas.com\/wp-content\/uploads\/2022\/02\/Mesa-de-trabajo-6instructivo.png&#8221; title_text=&#8221;logo dreams color-inapel&#8221; align=&#8221;center&#8221; _builder_version=&#8221;4.14.7&#8243; _module_preset=&#8221;default&#8221; width=&#8221;81%&#8221; custom_padding=&#8221;29px|||||&#8221; hover_enabled=&#8221;0&#8243; global_colors_info=&#8221;{}&#8221; src__hover_enabled=&#8221;on|hover&#8221; src__hover=&#8221;https:\/\/inapelsas.com\/wp-content\/uploads\/2022\/02\/logo-dreams-color-inapel.png&#8221; width__hover_enabled=&#8221;on|desktop&#8221; width__hover=&#8221;100%&#8221; sticky_enabled=&#8221;0&#8243; url=&#8221;https:\/\/inapelsas.com\/index.php\/dreams\/&#8221;][\/et_pb_image][\/et_pb_column][et_pb_column type=&#8221;1_5&#8243; _builder_version=&#8221;4.14.7&#8243; _module_preset=&#8221;default&#8221; global_colors_info=&#8221;{}&#8221;][et_pb_image src=&#8221;https:\/\/inapelsas.com\/wp-content\/uploads\/2022\/02\/logo-art-expression-inapel.png&#8221; title_text=&#8221;logo art expression color inapel&#8221; align=&#8221;center&#8221; _builder_version=&#8221;4.14.7&#8243; _module_preset=&#8221;default&#8221; width=&#8221;88%&#8221; custom_padding=&#8221;24px|||||&#8221; hover_enabled=&#8221;0&#8243; global_colors_info=&#8221;{}&#8221; src__hover_enabled=&#8221;on|hover&#8221; src__hover=&#8221;https:\/\/inapelsas.com\/wp-content\/uploads\/2022\/02\/logo-art-expression-color-inapel.png&#8221; width__hover_enabled=&#8221;on|desktop&#8221; width__hover=&#8221;100%&#8221; sticky_enabled=&#8221;0&#8243; url=&#8221;https:\/\/inapelsas.com\/index.php\/art-expression\/&#8221;][\/et_pb_image][\/et_pb_column][et_pb_column type=&#8221;1_5&#8243; _builder_version=&#8221;4.14.7&#8243; _module_preset=&#8221;default&#8221; global_colors_info=&#8221;{}&#8221;][et_pb_image src=&#8221;https:\/\/inapelsas.com\/wp-content\/uploads\/2022\/02\/logo-iberica-inapel.png&#8221; title_text=&#8221;logo iberica color inapel&#8221; url=&#8221;https:\/\/inapelsas.com\/index.php\/iberica\/&#8221; align=&#8221;center&#8221; _builder_version=&#8221;4.14.7&#8243; _module_preset=&#8221;default&#8221; width=&#8221;74%&#8221; custom_padding=&#8221;23px||||false|false&#8221; hover_enabled=&#8221;0&#8243; global_colors_info=&#8221;{}&#8221; src__hover_enabled=&#8221;on|desktop&#8221; src__hover=&#8221;https:\/\/inapelsas.com\/wp-content\/uploads\/2022\/02\/logo-iberica-color-inapel.png&#8221; width__hover_enabled=&#8221;on|desktop&#8221; width__hover=&#8221;100%&#8221; sticky_enabled=&#8221;0&#8243;][\/et_pb_image][\/et_pb_column][et_pb_column type=&#8221;1_5&#8243; _builder_version=&#8221;4.14.7&#8243; _module_preset=&#8221;default&#8221; global_colors_info=&#8221;{}&#8221;][et_pb_image src=&#8221;https:\/\/inapelsas.com\/wp-content\/uploads\/2022\/02\/logo-fama-inapel.png&#8221; title_text=&#8221;logo fama colorinapel&#8221; url=&#8221;https:\/\/inapelsas.com\/index.php\/fama\/&#8221; align=&#8221;center&#8221; _builder_version=&#8221;4.14.7&#8243; _module_preset=&#8221;default&#8221; width=&#8221;72%&#8221; hover_enabled=&#8221;0&#8243; global_colors_info=&#8221;{}&#8221; src__hover_enabled=&#8221;on|hover&#8221; src__hover=&#8221;https:\/\/inapelsas.com\/wp-content\/uploads\/2022\/02\/logo-fama-colorinapel.png&#8221; width__hover_enabled=&#8221;on|desktop&#8221; width__hover=&#8221;100%&#8221; sticky_enabled=&#8221;0&#8243;][\/et_pb_image][\/et_pb_column][\/et_pb_row][\/et_pb_section][et_pb_section fb_built=&#8221;1&#8243; _builder_version=&#8221;4.14.7&#8243; _module_preset=&#8221;default&#8221; background_color=&#8221;#FFFFFF&#8221; custom_margin=&#8221;||26px|||&#8221; custom_padding=&#8221;17px||19px|||&#8221; global_colors_info=&#8221;{}&#8221;][et_pb_row _builder_version=&#8221;4.14.7&#8243; _module_preset=&#8221;default&#8221; width=&#8221;83%&#8221; max_width=&#8221;2438px&#8221; custom_padding=&#8221;0px||3px|||&#8221; global_colors_info=&#8221;{}&#8221;][et_pb_column type=&#8221;4_4&#8243; _builder_version=&#8221;4.14.7&#8243; _module_preset=&#8221;default&#8221; global_colors_info=&#8221;{}&#8221;][et_pb_code _builder_version=&#8221;4.14.7&#8243; _module_preset=&#8221;default&#8221; background_color=&#8221;RGBA(255,255,255,0)&#8221; global_colors_info=&#8221;{}&#8221;]<style type=\"text\/css\">div#logo-carousel-free-101.logo-carousel-free .sp-lc-logo{\n\t\t\t\tborder: 1px solid #dddddd;\n\t\t\t}div#logo-carousel-free-101.logo-carousel-free .sp-lc-logo:hover{\n\t\t\t\tborder-color: #ed7203;\n\t\t\t}#logo-carousel-free-101.sp-lc-container .sp-logo-carousel {\n\t\t\t\t\tpadding-bottom: 46px;\n\t\t\t\t}\n\t\t\t\t#logo-carousel-free-101.sp-lc-container .sp-lc-pagination .swiper-pagination-bullet {\n\t\t\t\t\tbackground-color: #dddddd;\n\t\t\t\t}\n\t\t\t\t#logo-carousel-free-101.sp-lc-container .sp-lc-pagination .swiper-pagination-bullet.swiper-pagination-bullet-active{background-color: #ed7203; }\n\t\t\t\t#logo-carousel-free-101.sp-lc-container .sp-logo-carousel {\n\t\t\t\t\tpadding-top: 46px;\n\t\t\t\t}\n\t\t\t\t#logo-carousel-free-101.sp-lc-container .sp-lc-button-prev,\n\t\t\t\t#logo-carousel-free-101.sp-lc-container .sp-lc-button-next {\n\t\t\t\t\tcolor: #aaaaaa;\n\t\t\t\t\tbackground: transparent;\n\t\t\t\t\tborder: 1px solid #aaaaaa;\n\t\t\t\t\tline-height: 28px;\n\t\t\t\t}\n\t\t\t\t#logo-carousel-free-101.sp-lc-container .sp-lc-button-prev:hover,\n\t\t\t\t#logo-carousel-free-101.sp-lc-container .sp-lc-button-next:hover{\n\t\t\t\t\tbackground-color: #ed7203;\n\t\t\t\t\tcolor: #ffffff;\n\t\t\t\t\tborder-color: #ed7203;\n\t\t\t\t}@media only screen and (max-width: 576px) {} .logo-carousel-free-area#logo-carousel-free-101{\n\t\t\t\t\tposition: relative;\n\t\t\t\t}\n\t\t\t\t#lcp-preloader-101{\n\t\t\t\t\tposition: absolute;\n\t\t\t\t\tleft: 0;\n\t\t\t\t\ttop: 0;\n\t\t\t\t\theight: 100%;\n\t\t\t\t\twidth: 100%;\n\t\t\t\t\ttext-align: center;\n\t\t\t\t\tdisplay: flex;\n\t\t\t\t\talign-items: center;\n\t\t\t\t\tjustify-content: center;\n\t\t\t\t\tbackground: #fff;\n\t\t\t\t\tz-index: 9999;\n\t\t\t\t}\n\t\t\t\t .logo-carousel-free-area#logo-carousel-free-101 .sp-logo-carousel-section-title{\n\t\t\t\t\tmargin-bottom: 30px;\n\t\t\t\t}<\/style><div id='logo-carousel-free-101' class=\"logo-carousel-free logo-carousel-free-area sp-lc-container\"><div id=\"lcp-preloader-101\" class=\"sp-logo-carousel-preloader\"><img src=\"https:\/\/inapelsas.com\/wp-content\/plugins\/logo-carousel-free\/public\/assets\/css\/images\/bx_loader.gif\"\/><\/div><div id=\"sp-logo-carousel-id-101\" class=\"swiper-container sp-logo-carousel lcp-preloader\" dir=\"ltr\" data-carousel='{ \"speed\":600,\"spaceBetween\": 12, \"autoplay\": true, \"infinite\":true, \"autoplay_speed\": 3000, \"stop_onHover\": true, \"pagination\": true, \"navigation\": true, \"MobileNav\": true, \"MobilePagi\": true, \"simulateTouch\": true, \"allowTouchMove\": true, \"slidesPerView\": { \"lg_desktop\": 5, \"desktop\": 4, \"tablet\": 3, \"mobile\": 1, \"mobile_landscape\": 2 } }'><div class=\"swiper-wrapper\"><div class=\"swiper-slide\"><div class=\"sp-lc-logo\"><img loading=\"lazy\" src=\"https:\/\/inapelsas.com\/wp-content\/uploads\/2022\/02\/Mesa-de-trabajo-14FAMA.png\" title=\"\" alt=\"Cuaderno fama\" width=\"2251\" height=\"2250\"><\/div><\/div><div class=\"swiper-slide\"><div class=\"sp-lc-logo\"><img loading=\"lazy\" src=\"https:\/\/inapelsas.com\/wp-content\/uploads\/2022\/02\/Mesa-de-trabajo-15FAMA.png\" title=\"\" alt=\"summers\" width=\"2251\" height=\"2250\"><\/div><\/div><div class=\"swiper-slide\"><div class=\"sp-lc-logo\"><img loading=\"lazy\" src=\"https:\/\/inapelsas.com\/wp-content\/uploads\/2022\/02\/Mesa-de-trabajo-16FAMA.png\" title=\"\" alt=\"fama beach\" width=\"2250\" height=\"2250\"><\/div><\/div><div class=\"swiper-slide\"><div class=\"sp-lc-logo\"><img loading=\"lazy\" src=\"https:\/\/inapelsas.com\/wp-content\/uploads\/2022\/02\/Mesa-de-trabajo-17FAMA.png\" title=\"\" alt=\"fama argollado\" width=\"2250\" height=\"2251\"><\/div><\/div><div class=\"swiper-slide\"><div class=\"sp-lc-logo\"><img loading=\"lazy\" src=\"https:\/\/inapelsas.com\/wp-content\/uploads\/2022\/02\/Mesa-de-trabajo-6argolladodreams.png\" title=\"\" alt=\"dreams argollado\" width=\"2251\" height=\"2251\"><\/div><\/div><div class=\"swiper-slide\"><div class=\"sp-lc-logo\"><img loading=\"lazy\" src=\"https:\/\/inapelsas.com\/wp-content\/uploads\/2022\/02\/Mesa-de-trabajo-2PORTADAS-pastadura.png\" title=\"\" alt=\"ART EXP-PASTA DURA\" width=\"2251\" height=\"2250\"><\/div><\/div><div class=\"swiper-slide\"><div class=\"sp-lc-logo\"><img loading=\"lazy\" src=\"https:\/\/inapelsas.com\/wp-content\/uploads\/2022\/02\/Mesa-de-trabajo-5PORTADAS.png\" title=\"\" alt=\"ART MACHINE\" width=\"2250\" height=\"2251\"><\/div><\/div><div class=\"swiper-slide\"><div class=\"sp-lc-logo\"><img loading=\"lazy\" src=\"https:\/\/inapelsas.com\/wp-content\/uploads\/2022\/02\/Mesa-de-trabajo-3PORTADAS.png\" title=\"\" alt=\"ART SWEET\" width=\"2251\" height=\"2250\"><\/div><\/div><div class=\"swiper-slide\"><div class=\"sp-lc-logo\"><img loading=\"lazy\" src=\"https:\/\/inapelsas.com\/wp-content\/uploads\/2022\/02\/Mesa-de-trabajo-6PORTADAS-ARGOLLADO-GAMAMEDIA.png\" title=\"\" alt=\"ART URBAN\" width=\"2251\" height=\"2251\"><\/div><\/div><div class=\"swiper-slide\"><div class=\"sp-lc-logo\"><img loading=\"lazy\" src=\"https:\/\/inapelsas.com\/wp-content\/uploads\/2022\/02\/Mesa-de-trabajo-5PORTADAS-pastadura.png\" title=\"\" alt=\"ART URBAN PASTA\" width=\"2250\" height=\"2251\"><\/div><\/div><div class=\"swiper-slide\"><div class=\"sp-lc-logo\"><img loading=\"lazy\" src=\"https:\/\/inapelsas.com\/wp-content\/uploads\/2022\/02\/Mesa-de-trabajo-8argolladodreams.png\" title=\"\" alt=\"DREAMS ARGOLLADO\" width=\"2250\" height=\"2251\"><\/div><\/div><div class=\"swiper-slide\"><div class=\"sp-lc-logo\"><img loading=\"lazy\" src=\"https:\/\/inapelsas.com\/wp-content\/uploads\/2022\/02\/Mesa-de-trabajo-8PORTADAS.png\" title=\"\" alt=\"URBAN PASTA\" width=\"2250\" height=\"2251\"><\/div><\/div><\/div><div class=\"sp-lc-pagination swiper-pagination dots\"><\/div><div class=\"sp-lc-button-next\"><i class=\"fa fa-angle-right\"><\/i><\/div><div class=\"sp-lc-button-prev\"><i class=\"fa fa-angle-left\"><\/i><\/div><\/div><\/div>[\/et_pb_code][\/et_pb_column][\/et_pb_row][\/et_pb_section][et_pb_section fb_built=&#8221;1&#8243; _builder_version=&#8221;4.14.7&#8243; _module_preset=&#8221;default&#8221; use_background_color_gradient=&#8221;on&#8221; background_color_gradient_start=&#8221;#ffffff&#8221; background_color_gradient_end=&#8221;rgba(12,113,195,0.27)&#8221; background_color_gradient_overlays_image=&#8221;on&#8221; background_image=&#8221;https:\/\/inapelsas.com\/wp-content\/uploads\/2022\/02\/inapel.jpeg&#8221; background_position=&#8221;bottom_right&#8221; custom_margin=&#8221;4px||0px||false|false&#8221; custom_padding=&#8221;0px||81px||false|false&#8221; animation_style=&#8221;slide&#8221; animation_direction=&#8221;left&#8221; global_colors_info=&#8221;{}&#8221;][et_pb_row _builder_version=&#8221;4.14.7&#8243; _module_preset=&#8221;default&#8221; background_enable_color=&#8221;off&#8221; custom_margin=&#8221;2px|auto||auto||&#8221; custom_padding=&#8221;19px|||||&#8221; global_colors_info=&#8221;{}&#8221;][et_pb_column type=&#8221;4_4&#8243; _builder_version=&#8221;4.14.7&#8243; _module_preset=&#8221;default&#8221; global_colors_info=&#8221;{}&#8221;][et_pb_text _builder_version=&#8221;4.14.7&#8243; _module_preset=&#8221;default&#8221; header_font=&#8221;Amiko|700||on|||||&#8221; header_text_align=&#8221;center&#8221; header_text_color=&#8221;#000000&#8243; header_font_size=&#8221;67px&#8221; custom_margin=&#8221;76px||14px|||&#8221; custom_padding=&#8221;11px|||||&#8221; animation_style=&#8221;zoom&#8221; header_font_size_tablet=&#8221;67px&#8221; header_font_size_phone=&#8221;40px&#8221; header_font_size_last_edited=&#8221;on|phone&#8221; header_letter_spacing_tablet=&#8221;&#8221; header_letter_spacing_phone=&#8221;-1px&#8221; header_letter_spacing_last_edited=&#8221;on|phone&#8221; global_colors_info=&#8221;{}&#8221;]<\/p>\n<h1>Rec\u00edbe las novedades de nuestro portafolio de productos<\/h1>\n<p>[\/et_pb_text][et_pb_signup mailchimp_list=&#8221;inapel sas|9292df3e3d&#8221; last_name_field=&#8221;off&#8221; button_text=&#8221;Enviar&#8221; description=&#8221;<\/p>\n<p style=%22text-align: center;%22><img src=%22https:\/\/inapelsas.com\/wp-content\/uploads\/2022\/02\/Logo-Inapel-s.a-300x127.png%22 width=%22323%22 height=%22137%22 alt=%22%22 class=%22wp-image-10 alignnone size-medium%22 \/><\/p>\n<p>&#8221; _builder_version=&#8221;4.14.7&#8243; _module_preset=&#8221;default&#8221; form_field_background_color=&#8221;#ed7203&#8243; form_field_text_color=&#8221;#FFFFFF&#8221; form_field_focus_background_color=&#8221;#e8e8e8&#8243; header_font=&#8221;Amiko|700||on|||||&#8221; header_text_align=&#8221;center&#8221; header_font_size=&#8221;39px&#8221; form_field_font=&#8221;Amiko|700|||||||&#8221; background_color=&#8221;RGBA(255,255,255,0)&#8221; custom_button=&#8221;on&#8221; button_text_size=&#8221;23px&#8221; button_border_color=&#8221;#ed7203&#8243; button_font=&#8221;Amiko|700||on|||||&#8221; custom_margin=&#8221;2px|||||&#8221; custom_padding=&#8221;10px||18px|||&#8221; form_field_text_shadow_style=&#8221;preset1&#8243; form_field_text_shadow_color=&#8221;#000000&#8243; button_text_shadow_style=&#8221;preset1&#8243; button_text_shadow_color=&#8221;#000000&#8243; box_shadow_style_fields=&#8221;preset1&#8243; box_shadow_style_button=&#8221;preset1&#8243; box_shadow_color_button=&#8221;#000000&#8243; global_colors_info=&#8221;{}&#8221;][\/et_pb_signup][\/et_pb_column][\/et_pb_row][\/et_pb_section]<\/p>\n","protected":false},"excerpt":{"rendered":"<p>[et_pb_section fb_built=&#8221;1&#8243; fullwidth=&#8221;on&#8221; _builder_version=&#8221;4.14.7&#8243; _module_preset=&#8221;default&#8221; custom_margin=&#8221;||0px||false|false&#8221; global_colors_info=&#8221;{}&#8221;][et_pb_fullwidth_code _builder_version=&#8221;4.14.7&#8243; _module_preset=&#8221;default&#8221; global_colors_info=&#8221;{}&#8221;][\/et_pb_fullwidth_code][\/et_pb_section][et_pb_section fb_built=&#8221;1&#8243; _builder_version=&#8221;4.14.7&#8243; _module_preset=&#8221;default&#8221; custom_margin=&#8221;0px||0px||false|false&#8221; custom_padding=&#8221;24px||70px|||&#8221; global_colors_info=&#8221;{}&#8221;][et_pb_row _builder_version=&#8221;4.14.7&#8243; _module_preset=&#8221;default&#8221; custom_padding=&#8221;0px||9px|||&#8221; global_colors_info=&#8221;{}&#8221;][et_pb_column type=&#8221;4_4&#8243; _builder_version=&#8221;4.14.7&#8243; _module_preset=&#8221;default&#8221; global_colors_info=&#8221;{}&#8221;][et_pb_text _builder_version=&#8221;4.14.7&#8243; _module_preset=&#8221;default&#8221; header_font=&#8221;Amiko|700||on|||||&#8221; header_text_align=&#8221;center&#8221; header_text_color=&#8221;#595959&#8243; header_font_size=&#8221;100px&#8221; custom_margin=&#8221;19px||33px|||&#8221; custom_padding=&#8221;33px|||||&#8221; animation_style=&#8221;zoom&#8221; header_font_size_tablet=&#8221;100px&#8221; header_font_size_phone=&#8221;45px&#8221; header_font_size_last_edited=&#8221;on|phone&#8221; global_colors_info=&#8221;{}&#8221;] Nuestras marcas [\/et_pb_text][\/et_pb_column][\/et_pb_row][et_pb_row column_structure=&#8221;1_5,1_5,1_5,1_5,1_5&#8243; use_custom_gutter=&#8221;on&#8221; gutter_width=&#8221;1&#8243; _builder_version=&#8221;4.14.7&#8243; _module_preset=&#8221;default&#8221; width=&#8221;57%&#8221; max_width=&#8221;1957px&#8221; custom_margin=&#8221;35px|auto||auto||&#8221; custom_padding=&#8221;28px||31px|||&#8221; global_colors_info=&#8221;{}&#8221;][et_pb_column type=&#8221;1_5&#8243; _builder_version=&#8221;4.14.7&#8243; _module_preset=&#8221;default&#8221; global_colors_info=&#8221;{}&#8221;][et_pb_image src=&#8221;https:\/\/inapelsas.com\/wp-content\/uploads\/2022\/02\/Logo-falcon-inapel.png&#8221; [&hellip;]<\/p>\n","protected":false},"author":1,"featured_media":10,"parent":0,"menu_order":0,"comment_status":"closed","ping_status":"open","template":"","meta":{"_et_pb_use_builder":"on","_et_pb_old_content":"<!-- wp:paragraph -->\n<p>Esta es una p\u00e1gina de ejemplo. Es diferente a una entrada del blog porque permanecer\u00e1 en un solo lugar y aparecer\u00e1 en la navegaci\u00f3n de tu sitio (en la mayor\u00eda de los temas). La mayor\u00eda de las personas comienzan con una p\u00e1gina \u00abAcerca de\u00bb que les presenta a los visitantes potenciales del sitio. Podr\u00edas decir algo as\u00ed:<\/p>\n<!-- \/wp:paragraph -->\n\n<!-- wp:quote -->\n<blockquote class=\"wp-block-quote\"><p>\u00a1Bienvenido! Soy camarero de d\u00eda, aspirante a actor de noche y esta es mi web. Vivo en Mairena del Alcor, tengo un perro que se llama Firulais y me gusta el rebujito. (Y las tardes largas con caf\u00e9).<\/p><\/blockquote>\n<!-- \/wp:quote -->\n\n<!-- wp:paragraph -->\n<p>\u2026o algo as\u00ed:<\/p>\n<!-- \/wp:paragraph -->\n\n<!-- wp:quote -->\n<blockquote class=\"wp-block-quote\"><p>La empresa \u00abMariscos Recio\u00bb fue fundada por Antonio Recio Mata. Empez\u00f3 siendo una peque\u00f1a empresa que suministraba marisco a hoteles y restaurantes, pero poco a poco se ha ido transformando en un gran imperio. Mariscos Recio, el mar al mejor precio.<\/p><\/blockquote>\n<!-- \/wp:quote -->\n\n<!-- wp:paragraph -->\n<p>Como nuevo usuario de WordPress, deber\u00edas ir a <a href=\"http:\/\/inapelsas.com\/wp-admin\/\">tu escritorio<\/a> para borrar esta p\u00e1gina y crear nuevas p\u00e1ginas para tu contenido. \u00a1P\u00e1salo bien!<\/p>\n<!-- \/wp:paragraph -->","_et_gb_content_width":"","om_disable_all_campaigns":false,"_monsterinsights_skip_tracking":false,"_monsterinsights_sitenote_active":false,"_monsterinsights_sitenote_note":"","_monsterinsights_sitenote_category":0},"_links":{"self":[{"href":"https:\/\/inapelsas.com\/index.php\/wp-json\/wp\/v2\/pages\/2"}],"collection":[{"href":"https:\/\/inapelsas.com\/index.php\/wp-json\/wp\/v2\/pages"}],"about":[{"href":"https:\/\/inapelsas.com\/index.php\/wp-json\/wp\/v2\/types\/page"}],"author":[{"embeddable":true,"href":"https:\/\/inapelsas.com\/index.php\/wp-json\/wp\/v2\/users\/1"}],"replies":[{"embeddable":true,"href":"https:\/\/inapelsas.com\/index.php\/wp-json\/wp\/v2\/comments?post=2"}],"version-history":[{"count":29,"href":"https:\/\/inapelsas.com\/index.php\/wp-json\/wp\/v2\/pages\/2\/revisions"}],"predecessor-version":[{"id":341,"href":"https:\/\/inapelsas.com\/index.php\/wp-json\/wp\/v2\/pages\/2\/revisions\/341"}],"wp:featuredmedia":[{"embeddable":true,"href":"https:\/\/inapelsas.com\/index.php\/wp-json\/wp\/v2\/media\/10"}],"wp:attachment":[{"href":"https:\/\/inapelsas.com\/index.php\/wp-json\/wp\/v2\/media?parent=2"}],"curies":[{"name":"wp","href":"https:\/\/api.w.org\/{rel}","templated":true}]}}